{"id":23,"date":"2025-07-03T00:46:08","date_gmt":"2025-07-02T22:46:08","guid":{"rendered":"https:\/\/passerailes-education.com\/?page_id=23"},"modified":"2025-07-30T16:22:52","modified_gmt":"2025-07-30T14:22:52","slug":"formations","status":"publish","type":"page","link":"https:\/\/passerailes-education.com\/index.php\/formations\/","title":{"rendered":"Formations"},"content":{"rendered":"\t\t<div data-elementor-type=\"wp-page\" data-elementor-id=\"23\" class=\"elementor elementor-23\" data-elementor-post-type=\"page\">\n\t\t\t\t\t\t<section class=\"elementor-section elementor-top-section elementor-element elementor-element-3baab0a0 elementor-section-boxed elementor-section-height-default elementor-section-height-default\" data-id=\"3baab0a0\" data-element_type=\"section\" data-settings=\"{&quot;background_background&quot;:&quot;classic&quot;}\">\n\t\t\t\t\t\t<div class=\"elementor-container elementor-column-gap-no\">\n\t\t\t\t\t<div class=\"elementor-column elementor-col-100 elementor-top-column elementor-element elementor-element-44370cc5\" data-id=\"44370cc5\" data-element_type=\"column\">\n\t\t\t<div class=\"elementor-widget-wrap elementor-element-populated\">\n\t\t\t\t\t\t<section class=\"elementor-section elementor-inner-section elementor-element elementor-element-6a982860 elementor-section-boxed elementor-section-height-default elementor-section-height-default\" data-id=\"6a982860\" data-element_type=\"section\">\n\t\t\t\t\t\t<div class=\"elementor-container elementor-column-gap-extended\">\n\t\t\t\t\t<div class=\"elementor-column elementor-col-100 elementor-inner-column elementor-element elementor-element-6e4c1acd\" data-id=\"6e4c1acd\" data-element_type=\"column\">\n\t\t\t<div class=\"elementor-widget-wrap elementor-element-populated\">\n\t\t\t\t\t\t<div class=\"elementor-element elementor-element-17b6eac9 animated-slow elementor-invisible elementor-widget elementor-widget-heading\" data-id=\"17b6eac9\" data-element_type=\"widget\" data-settings=\"{&quot;_animation&quot;:&quot;fadeIn&quot;}\" data-widget_type=\"heading.default\">\n\t\t\t\t\t<h2 class=\"elementor-heading-title elementor-size-default\">ESPACE FORMATIONS PROFESSIONNELLES<\/h2>\t\t\t\t<\/div>\n\t\t\t\t<div class=\"elementor-element elementor-element-50700689 animated-slow elementor-widget-divider--view-line elementor-invisible elementor-widget elementor-widget-divider\" data-id=\"50700689\" data-element_type=\"widget\" data-settings=\"{&quot;_animation&quot;:&quot;fadeIn&quot;,&quot;_animation_delay&quot;:1200}\" data-widget_type=\"divider.default\">\n\t\t\t\t\t\t\t<div class=\"elementor-divider\">\n\t\t\t<span class=\"elementor-divider-separator\">\n\t\t\t\t\t\t<\/span>\n\t\t<\/div>\n\t\t\t\t\t\t<\/div>\n\t\t\t\t<div class=\"elementor-element elementor-element-5a53e36a elementor-widget elementor-widget-heading\" data-id=\"5a53e36a\" data-element_type=\"widget\" data-widget_type=\"heading.default\">\n\t\t\t\t\t<h3 class=\"elementor-heading-title elementor-size-default\">D\u00e9veloppez vos comp\u00e9tences<\/h3>\t\t\t\t<\/div>\n\t\t\t\t<div class=\"elementor-element elementor-element-45be4ff5 elementor-widget elementor-widget-text-editor\" data-id=\"45be4ff5\" data-element_type=\"widget\" data-widget_type=\"text-editor.default\">\n\t\t\t\t\t\t\t\t\t<p><strong>Avec nos formations<\/strong> con\u00e7ues pour les professionnels de l\u2019\u00e9ducation, de la sant\u00e9 et de l\u2019accompagnement. <strong>Th\u00e9orie rigoureuse<\/strong>, <strong>outils concrets<\/strong> et approche bienveillante se rencontrent pour enrichir vos pratiques au service de publics neuroatypiques.<\/p>\t\t\t\t\t\t\t\t<\/div>\n\t\t\t\t\t<\/div>\n\t\t<\/div>\n\t\t\t\t\t<\/div>\n\t\t<\/section>\n\t\t\t\t<section class=\"elementor-section elementor-inner-section elementor-element elementor-element-6d458f06 elementor-section-content-middle elementor-section-boxed elementor-section-height-default elementor-section-height-default\" data-id=\"6d458f06\" data-element_type=\"section\">\n\t\t\t\t\t\t<div class=\"elementor-container elementor-column-gap-extended\">\n\t\t\t\t\t<div class=\"elementor-column elementor-col-33 elementor-inner-column elementor-element elementor-element-219a47c4\" data-id=\"219a47c4\" data-element_type=\"column\">\n\t\t\t<div class=\"elementor-widget-wrap elementor-element-populated\">\n\t\t\t\t\t\t<div class=\"elementor-element elementor-element-33843df elementor-widget elementor-widget-heading\" data-id=\"33843df\" data-element_type=\"widget\" data-widget_type=\"heading.default\">\n\t\t\t\t\t<h3 class=\"elementor-heading-title elementor-size-default\">Formation : Gestion de classe et climat scolaire<\/h3>\t\t\t\t<\/div>\n\t\t\t\t<div class=\"elementor-element elementor-element-3d02a804 elementor-widget elementor-widget-image\" data-id=\"3d02a804\" data-element_type=\"widget\" data-widget_type=\"image.default\">\n\t\t\t\t\t\t\t\t\t\t\t\t\t\t\t<img decoding=\"async\" src=\"https:\/\/passerailes-education.com\/wp-content\/uploads\/elementor\/thumbs\/ChatGPT-Image-12-mai-2025-17_19_36-1-r8b7t48av5yf16f0vw87lidvg1zhq1y6ws7n2sn1ps.png\" title=\"ChatGPT Image 12 mai 2025, 17_19_36\" alt=\"ChatGPT Image 12 mai 2025, 17_19_36\" loading=\"lazy\" \/>\t\t\t\t\t\t\t\t\t\t\t\t\t\t\t<\/div>\n\t\t\t\t<div class=\"elementor-element elementor-element-c5971a6 elementor-widget elementor-widget-heading\" data-id=\"c5971a6\" data-element_type=\"widget\" data-widget_type=\"heading.default\">\n\t\t\t\t\t<h3 class=\"elementor-heading-title elementor-size-default\">Formation : Communication bienveillante et gestion des \u00e9motions<\/h3>\t\t\t\t<\/div>\n\t\t\t\t<div class=\"elementor-element elementor-element-1a396332 elementor-widget elementor-widget-image\" data-id=\"1a396332\" data-element_type=\"widget\" data-widget_type=\"image.default\">\n\t\t\t\t\t\t\t\t\t\t\t\t\t\t\t<img decoding=\"async\" src=\"https:\/\/passerailes-education.com\/wp-content\/uploads\/elementor\/thumbs\/ChatGPT-Image-12-mai-2025-16_59_35-r8b7p0nn26ceeeddtmfs81mi6k6v5koc0hseqcpuuo.png\" title=\"ChatGPT Image 12 mai 2025, 16_59_35\" alt=\"ChatGPT Image 12 mai 2025, 16_59_35\" loading=\"lazy\" \/>\t\t\t\t\t\t\t\t\t\t\t\t\t\t\t<\/div>\n\t\t\t\t\t<\/div>\n\t\t<\/div>\n\t\t\t\t<div class=\"elementor-column elementor-col-33 elementor-inner-column elementor-element elementor-element-7431d206\" data-id=\"7431d206\" data-element_type=\"column\">\n\t\t\t<div class=\"elementor-widget-wrap elementor-element-populated\">\n\t\t\t\t\t\t<div class=\"elementor-element elementor-element-7f9222c elementor-widget elementor-widget-heading\" data-id=\"7f9222c\" data-element_type=\"widget\" data-widget_type=\"heading.default\">\n\t\t\t\t\t<h3 class=\"elementor-heading-title elementor-size-default\">Formation : Cr\u00e9ation de projet p\u00e9dagogique et p\u00e9dagogie Montessori<\/h3>\t\t\t\t<\/div>\n\t\t\t\t<div class=\"elementor-element elementor-element-5a340128 elementor-widget elementor-widget-image\" data-id=\"5a340128\" data-element_type=\"widget\" data-widget_type=\"image.default\">\n\t\t\t\t\t\t\t\t\t\t\t\t\t\t\t<img decoding=\"async\" src=\"https:\/\/passerailes-education.com\/wp-content\/uploads\/elementor\/thumbs\/ChatGPT-Image-12-mai-2025-16_04_35-r8b7bgtej5sl0s1zy9keryq9vkzd6nvn5f7enqt6k0.png\" title=\"ChatGPT Image 12 mai 2025, 16_04_35\" alt=\"ChatGPT Image 12 mai 2025, 16_04_35\" loading=\"lazy\" \/>\t\t\t\t\t\t\t\t\t\t\t\t\t\t\t<\/div>\n\t\t\t\t<div class=\"elementor-element elementor-element-6002b9b elementor-widget elementor-widget-heading\" data-id=\"6002b9b\" data-element_type=\"widget\" data-widget_type=\"heading.default\">\n\t\t\t\t\t<h3 class=\"elementor-heading-title elementor-size-default\">Formation : Mieux conna\u00eetre les troubles neurod\u00e9veloppementaux (TND)<\/h3>\t\t\t\t<\/div>\n\t\t\t\t<div class=\"elementor-element elementor-element-1fb7c23e elementor-widget elementor-widget-image\" data-id=\"1fb7c23e\" data-element_type=\"widget\" data-widget_type=\"image.default\">\n\t\t\t\t\t\t\t\t\t\t\t\t\t\t\t<img decoding=\"async\" src=\"https:\/\/passerailes-education.com\/wp-content\/uploads\/elementor\/thumbs\/ChatGPT-Image-12-mai-2025-16_04_35-r8b7bgtej5sl0s1zy9keryq9vkzd6nvn5f7enqt6k0.png\" title=\"ChatGPT Image 12 mai 2025, 16_04_35\" alt=\"ChatGPT Image 12 mai 2025, 16_04_35\" loading=\"lazy\" \/>\t\t\t\t\t\t\t\t\t\t\t\t\t\t\t<\/div>\n\t\t\t\t\t<\/div>\n\t\t<\/div>\n\t\t\t\t<div class=\"elementor-column elementor-col-33 elementor-inner-column elementor-element elementor-element-79eac76\" data-id=\"79eac76\" data-element_type=\"column\">\n\t\t\t<div class=\"elementor-widget-wrap elementor-element-populated\">\n\t\t\t\t\t\t<div class=\"elementor-element elementor-element-4b5ebd8 elementor-widget elementor-widget-heading\" data-id=\"4b5ebd8\" data-element_type=\"widget\" data-widget_type=\"heading.default\">\n\t\t\t\t\t<h3 class=\"elementor-heading-title elementor-size-default\">Formation : AESH (Accompagnant d\u2019\u00e9l\u00e8ve en situation de handicap)<\/h3>\t\t\t\t<\/div>\n\t\t\t\t<div class=\"elementor-element elementor-element-b78abd0 elementor-widget elementor-widget-image\" data-id=\"b78abd0\" data-element_type=\"widget\" data-widget_type=\"image.default\">\n\t\t\t\t\t\t\t\t\t\t\t\t\t\t\t<img decoding=\"async\" src=\"https:\/\/passerailes-education.com\/wp-content\/uploads\/elementor\/thumbs\/ChatGPT-Image-12-mai-2025-16_04_35-r8b7bgtej5sl0s1zy9keryq9vkzd6nvn5f7enqt6k0.png\" title=\"ChatGPT Image 12 mai 2025, 16_04_35\" alt=\"ChatGPT Image 12 mai 2025, 16_04_35\" loading=\"lazy\" \/>\t\t\t\t\t\t\t\t\t\t\t\t\t\t\t<\/div>\n\t\t\t\t<div class=\"elementor-element elementor-element-ad90fca elementor-widget elementor-widget-heading\" data-id=\"ad90fca\" data-element_type=\"widget\" data-widget_type=\"heading.default\">\n\t\t\t\t\t<h3 class=\"elementor-heading-title elementor-size-default\">Formation : ATSEM (Agent territorial sp\u00e9cialis\u00e9 des \u00e9coles maternelles)<\/h3>\t\t\t\t<\/div>\n\t\t\t\t<div class=\"elementor-element elementor-element-27f5ac7 elementor-widget elementor-widget-image\" data-id=\"27f5ac7\" data-element_type=\"widget\" data-widget_type=\"image.default\">\n\t\t\t\t\t\t\t\t\t\t\t\t\t\t\t<img decoding=\"async\" src=\"https:\/\/passerailes-education.com\/wp-content\/uploads\/elementor\/thumbs\/ChatGPT-Image-12-mai-2025-16_04_35-r8b7bgtej5sl0s1zy9keryq9vkzd6nvn5f7enqt6k0.png\" title=\"ChatGPT Image 12 mai 2025, 16_04_35\" alt=\"ChatGPT Image 12 mai 2025, 16_04_35\" loading=\"lazy\" \/>\t\t\t\t\t\t\t\t\t\t\t\t\t\t\t<\/div>\n\t\t\t\t\t<\/div>\n\t\t<\/div>\n\t\t\t\t\t<\/div>\n\t\t<\/section>\n\t\t\t\t<section class=\"elementor-section elementor-inner-section elementor-element elementor-element-4e9307b elementor-section-content-middle elementor-section-boxed elementor-section-height-default elementor-section-height-default\" data-id=\"4e9307b\" data-element_type=\"section\">\n\t\t\t\t\t\t<div class=\"elementor-container elementor-column-gap-extended\">\n\t\t\t\t\t<div class=\"elementor-column elementor-col-33 elementor-inner-column elementor-element elementor-element-b1079c9\" data-id=\"b1079c9\" data-element_type=\"column\">\n\t\t\t<div class=\"elementor-widget-wrap elementor-element-populated\">\n\t\t\t\t\t\t<div class=\"elementor-element elementor-element-1e1221c elementor-widget elementor-widget-heading\" data-id=\"1e1221c\" data-element_type=\"widget\" data-widget_type=\"heading.default\">\n\t\t\t\t\t<h3 class=\"elementor-heading-title elementor-size-default\">Formation : Devenir auxiliaire de cr\u00e8che<\/h3>\t\t\t\t<\/div>\n\t\t\t\t<div class=\"elementor-element elementor-element-74cd81b elementor-widget elementor-widget-image\" data-id=\"74cd81b\" data-element_type=\"widget\" data-widget_type=\"image.default\">\n\t\t\t\t\t\t\t\t\t\t\t\t\t\t\t<img decoding=\"async\" src=\"https:\/\/passerailes-education.com\/wp-content\/uploads\/elementor\/thumbs\/ChatGPT-Image-12-mai-2025-17_19_36-1-r8b7t48av5yf16f0vw87lidvg1zhq1y6ws7n2sn1ps.png\" title=\"ChatGPT Image 12 mai 2025, 17_19_36\" alt=\"ChatGPT Image 12 mai 2025, 17_19_36\" loading=\"lazy\" \/>\t\t\t\t\t\t\t\t\t\t\t\t\t\t\t<\/div>\n\t\t\t\t\t<\/div>\n\t\t<\/div>\n\t\t\t\t<div class=\"elementor-column elementor-col-33 elementor-inner-column elementor-element elementor-element-67f25ec\" data-id=\"67f25ec\" data-element_type=\"column\">\n\t\t\t<div class=\"elementor-widget-wrap elementor-element-populated\">\n\t\t\t\t\t\t<div class=\"elementor-element elementor-element-7a86902 elementor-widget elementor-widget-heading\" data-id=\"7a86902\" data-element_type=\"widget\" data-widget_type=\"heading.default\">\n\t\t\t\t\t<h3 class=\"elementor-heading-title elementor-size-default\">Formation : Les neurosciences au service de l\u2019\u00e9ducation<\/h3>\t\t\t\t<\/div>\n\t\t\t\t<div class=\"elementor-element elementor-element-81feaf3 elementor-widget elementor-widget-image\" data-id=\"81feaf3\" data-element_type=\"widget\" data-widget_type=\"image.default\">\n\t\t\t\t\t\t\t\t\t\t\t\t\t\t\t<img decoding=\"async\" src=\"https:\/\/passerailes-education.com\/wp-content\/uploads\/elementor\/thumbs\/ChatGPT-Image-12-mai-2025-16_04_35-r8b7bgtej5sl0s1zy9keryq9vkzd6nvn5f7enqt6k0.png\" title=\"ChatGPT Image 12 mai 2025, 16_04_35\" alt=\"ChatGPT Image 12 mai 2025, 16_04_35\" loading=\"lazy\" \/>\t\t\t\t\t\t\t\t\t\t\t\t\t\t\t<\/div>\n\t\t\t\t\t<\/div>\n\t\t<\/div>\n\t\t\t\t<div class=\"elementor-column elementor-col-33 elementor-inner-column elementor-element elementor-element-d9610e0\" data-id=\"d9610e0\" data-element_type=\"column\">\n\t\t\t<div class=\"elementor-widget-wrap\">\n\t\t\t\t\t\t\t<\/div>\n\t\t<\/div>\n\t\t\t\t\t<\/div>\n\t\t<\/section>\n\t\t\t\t\t<\/div>\n\t\t<\/div>\n\t\t\t\t\t<\/div>\n\t\t<\/section>\n\t\t\t\t<\/div>\n\t\t","protected":false},"excerpt":{"rendered":"<p>ESPACE FORMATIONS PROFESSIONNELLES D\u00e9veloppez vos comp\u00e9tences Avec nos formations con\u00e7ues pour les professionnels de l\u2019\u00e9ducation, de la sant\u00e9 et de l\u2019accompagnement. Th\u00e9orie rigoureuse, outils concrets et approche bienveillante se rencontrent pour enrichir vos pratiques au service de publics neuroatypiques. Formation : Gestion de classe et climat scolaire Formation : Communication bienveillante et gestion des \u00e9motions&#8230;<\/p>\n","protected":false},"author":1,"featured_media":0,"parent":0,"menu_order":0,"comment_status":"closed","ping_status":"closed","template":"","meta":{"_kad_post_transparent":"","_kad_post_title":"hide","_kad_post_layout":"fullwidth","_kad_post_sidebar_id":"","_kad_post_content_style":"unboxed","_kad_post_vertical_padding":"hide","_kad_post_feature":"hide","_kad_post_feature_position":"","_kad_post_header":false,"_kad_post_footer":false,"footnotes":""},"class_list":["post-23","page","type-page","status-publish","hentry"],"_links":{"self":[{"href":"https:\/\/passerailes-education.com\/index.php\/wp-json\/wp\/v2\/pages\/23","targetHints":{"allow":["GET"]}}],"collection":[{"href":"https:\/\/passerailes-education.com\/index.php\/wp-json\/wp\/v2\/pages"}],"about":[{"href":"https:\/\/passerailes-education.com\/index.php\/wp-json\/wp\/v2\/types\/page"}],"author":[{"embeddable":true,"href":"https:\/\/passerailes-education.com\/index.php\/wp-json\/wp\/v2\/users\/1"}],"replies":[{"embeddable":true,"href":"https:\/\/passerailes-education.com\/index.php\/wp-json\/wp\/v2\/comments?post=23"}],"version-history":[{"count":13,"href":"https:\/\/passerailes-education.com\/index.php\/wp-json\/wp\/v2\/pages\/23\/revisions"}],"predecessor-version":[{"id":409,"href":"https:\/\/passerailes-education.com\/index.php\/wp-json\/wp\/v2\/pages\/23\/revisions\/409"}],"wp:attachment":[{"href":"https:\/\/passerailes-education.com\/index.php\/wp-json\/wp\/v2\/media?parent=23"}],"curies":[{"name":"wp","href":"https:\/\/api.w.org\/{rel}","templated":true}]}}