{"id":27,"date":"2025-07-03T00:47:58","date_gmt":"2025-07-02T22:47:58","guid":{"rendered":"https:\/\/passerailes-education.com\/?page_id=27"},"modified":"2025-07-30T15:27:53","modified_gmt":"2025-07-30T13:27:53","slug":"la-fondatrice","status":"publish","type":"page","link":"https:\/\/passerailes-education.com\/index.php\/la-fondatrice\/","title":{"rendered":"La fondatrice"},"content":{"rendered":"\t\t<div data-elementor-type=\"wp-page\" data-elementor-id=\"27\" class=\"elementor elementor-27\" data-elementor-post-type=\"page\">\n\t\t\t\t\t\t<section class=\"elementor-section elementor-top-section elementor-element elementor-element-2048951f elementor-section-content-middle elementor-section-boxed elementor-section-height-default elementor-section-height-default\" data-id=\"2048951f\" data-element_type=\"section\">\n\t\t\t\t\t\t<div class=\"elementor-container elementor-column-gap-extended\">\n\t\t\t\t\t<div class=\"elementor-column elementor-col-50 elementor-top-column elementor-element elementor-element-32175d88\" data-id=\"32175d88\" data-element_type=\"column\">\n\t\t\t<div class=\"elementor-widget-wrap elementor-element-populated\">\n\t\t\t\t\t\t<div class=\"elementor-element elementor-element-466dd015 elementor-widget elementor-widget-image\" data-id=\"466dd015\" data-element_type=\"widget\" data-widget_type=\"image.default\">\n\t\t\t\t\t\t\t\t\t\t\t\t\t\t\t<img decoding=\"async\" src=\"https:\/\/passerailes-education.com\/wp-content\/uploads\/elementor\/thumbs\/ChatGPT-Image-12-mai-2025-16_59_35-r8b7p0nqpqrem6vg2l2o5lnmg46cyi91gc1f9fqg2o.png\" title=\"ChatGPT Image 12 mai 2025, 16_59_35\" alt=\"ChatGPT Image 12 mai 2025, 16_59_35\" loading=\"lazy\" \/>\t\t\t\t\t\t\t\t\t\t\t\t\t\t\t<\/div>\n\t\t\t\t\t<\/div>\n\t\t<\/div>\n\t\t\t\t<div class=\"elementor-column elementor-col-50 elementor-top-column elementor-element elementor-element-4fe4a73e\" data-id=\"4fe4a73e\" data-element_type=\"column\">\n\t\t\t<div class=\"elementor-widget-wrap elementor-element-populated\">\n\t\t\t\t\t\t<div class=\"elementor-element elementor-element-b0b9b06 animated-slow elementor-invisible elementor-widget elementor-widget-heading\" data-id=\"b0b9b06\" data-element_type=\"widget\" data-settings=\"{&quot;_animation&quot;:&quot;fadeIn&quot;}\" data-widget_type=\"heading.default\">\n\t\t\t\t\t<h1 class=\"elementor-heading-title elementor-size-default\">Prisca Mangala, fondatrice du centre passer'ailes \u00e9ducation<\/h1>\t\t\t\t<\/div>\n\t\t\t\t<div class=\"elementor-element elementor-element-7440188d elementor-invisible elementor-widget elementor-widget-text-editor\" data-id=\"7440188d\" data-element_type=\"widget\" data-settings=\"{&quot;_animation&quot;:&quot;fadeInUp&quot;,&quot;_animation_delay&quot;:300}\" data-widget_type=\"text-editor.default\">\n\t\t\t\t\t\t\t\t\t<p>Maman de 8 enfants, mon parcours s\u2019est construit au fil des ann\u00e9es, guid\u00e9 par<br \/>une passion profonde pour l\u2019humain et ses diff\u00e9rences, l\u2019\u00e9ducation et la diversit\u00e9<br \/>des fonctionnements cognitifs et \u00e9motionnels, et l\u2019\u00e9panouissement au sein des familles.<\/p>\t\t\t\t\t\t\t\t<\/div>\n\t\t\t\t<div class=\"elementor-element elementor-element-48820cb6 animated-slow elementor-widget-divider--view-line elementor-invisible elementor-widget elementor-widget-divider\" data-id=\"48820cb6\" data-element_type=\"widget\" data-settings=\"{&quot;_animation&quot;:&quot;fadeIn&quot;,&quot;_animation_delay&quot;:1200}\" data-widget_type=\"divider.default\">\n\t\t\t\t\t\t\t<div class=\"elementor-divider\">\n\t\t\t<span class=\"elementor-divider-separator\">\n\t\t\t\t\t\t<\/span>\n\t\t<\/div>\n\t\t\t\t\t\t<\/div>\n\t\t\t\t<div class=\"elementor-element elementor-element-57922746 elementor-widget elementor-widget-text-editor\" data-id=\"57922746\" data-element_type=\"widget\" data-widget_type=\"text-editor.default\">\n\t\t\t\t\t\t\t\t\t<p>Toujours \u00e0 la recherche de connaissance j\u2019enchaine \u00e9tude sur \u00e9tude depuis plus<br \/>de 15 ans et dispose actuellement de plusieurs fl\u00e8ches \u00e0 mon arc. Je ne vais citer que ce qu\u2019il y a en rapport avec ceux que je fais aujourd\u2019hui.<\/p>\t\t\t\t\t\t\t\t<\/div>\n\t\t\t\t\t<\/div>\n\t\t<\/div>\n\t\t\t\t\t<\/div>\n\t\t<\/section>\n\t\t\t\t<section class=\"elementor-section elementor-top-section elementor-element elementor-element-21cf851 elementor-section-boxed elementor-section-height-default elementor-section-height-default\" data-id=\"21cf851\" data-element_type=\"section\">\n\t\t\t\t\t\t<div class=\"elementor-container elementor-column-gap-default\">\n\t\t\t\t\t<div class=\"elementor-column elementor-col-100 elementor-top-column elementor-element elementor-element-91e264e\" data-id=\"91e264e\" data-element_type=\"column\">\n\t\t\t<div class=\"elementor-widget-wrap elementor-element-populated\">\n\t\t\t\t\t\t<section class=\"elementor-section elementor-inner-section elementor-element elementor-element-89018d3 elementor-section-boxed elementor-section-height-default elementor-section-height-default\" data-id=\"89018d3\" data-element_type=\"section\">\n\t\t\t\t\t\t<div class=\"elementor-container elementor-column-gap-extended\">\n\t\t\t\t\t<div class=\"elementor-column elementor-col-100 elementor-inner-column elementor-element elementor-element-1e3818f\" data-id=\"1e3818f\" data-element_type=\"column\">\n\t\t\t<div class=\"elementor-widget-wrap elementor-element-populated\">\n\t\t\t\t\t\t<div class=\"elementor-element elementor-element-a8d30a7 animated-slow elementor-invisible elementor-widget elementor-widget-heading\" data-id=\"a8d30a7\" data-element_type=\"widget\" data-settings=\"{&quot;_animation&quot;:&quot;fadeIn&quot;}\" data-widget_type=\"heading.default\">\n\t\t\t\t\t<h1 class=\"elementor-heading-title elementor-size-default\">Mon parcours<\/h1>\t\t\t\t<\/div>\n\t\t\t\t<div class=\"elementor-element elementor-element-1808955 elementor-invisible elementor-widget elementor-widget-text-editor\" data-id=\"1808955\" data-element_type=\"widget\" data-settings=\"{&quot;_animation&quot;:&quot;fadeInUp&quot;,&quot;_animation_delay&quot;:300}\" data-widget_type=\"text-editor.default\">\n\t\t\t\t\t\t\t\t\t<p data-start=\"189\" data-end=\"536\">\ud83c\udf93 <strong data-start=\"192\" data-end=\"238\">Dipl\u00f4m\u00e9e en tant qu\u2019\u00e9ducatrice sp\u00e9cialis\u00e9e<\/strong>, j\u2019ai exerc\u00e9 dans des Instituts M\u00e9dico-Psychologiques (IMP), ainsi qu\u2019au domicile de nombreuses familles, au plus pr\u00e8s des r\u00e9alit\u00e9s du terrain.<br data-start=\"382\" data-end=\"385\" \/>\ud83d\udc49 Cette premi\u00e8re exp\u00e9rience m\u2019a appris l\u2019importance de la <strong data-start=\"444\" data-end=\"456\">relation<\/strong>, de l\u2019<strong data-start=\"463\" data-end=\"480\">\u00e9coute active<\/strong> et de l\u2019<strong data-start=\"489\" data-end=\"512\">ajustement constant<\/strong> aux besoins singuliers.<\/p><p data-start=\"538\" data-end=\"817\">\ud83c\udf31 <strong data-start=\"541\" data-end=\"578\">Certifi\u00e9e en p\u00e9dagogie Montessori<\/strong>, j\u2019ai dirig\u00e9 ma propre cr\u00e8che et maternelle en \u00c9gypte.<br data-start=\"633\" data-end=\"636\" \/>\ud83c\udf0d Jusqu\u2019\u00e0 ce jour, je continue \u00e0 transmettre ces valeurs \u00e0 travers une version en ligne, fond\u00e9e sur des <strong data-start=\"741\" data-end=\"770\">p\u00e9dagogies bienveillantes<\/strong>, respectueuses du <strong data-start=\"789\" data-end=\"816\">rythme de chaque enfant<\/strong>.<\/p><p data-start=\"819\" data-end=\"1138\">\ud83e\udde0 Mon parcours m\u2019a naturellement men\u00e9e vers le champ de la <strong data-start=\"879\" data-end=\"896\">sant\u00e9 mentale<\/strong>, o\u00f9 je suis aujourd\u2019hui pleinement investie.<br data-start=\"941\" data-end=\"944\" \/>\ud83e\uddfe <strong data-start=\"947\" data-end=\"977\">Dipl\u00f4m\u00e9e en psychoth\u00e9rapie<\/strong>, je me suis sp\u00e9cialis\u00e9e en <strong data-start=\"1005\" data-end=\"1051\">th\u00e9rapies cognitivo-comportementales (TCC)<\/strong> et en <strong data-start=\"1058\" data-end=\"1082\">psychologie positive<\/strong>, deux approches que j\u2019int\u00e8gre dans mes accompagnements.<\/p><p data-start=\"1140\" data-end=\"1357\">\ud83d\udcac Form\u00e9e \u00e0 la <strong data-start=\"1155\" data-end=\"1186\">communication bienveillante<\/strong> et aux <strong data-start=\"1194\" data-end=\"1211\">neurosciences<\/strong>, j\u2019accompagne enfants, parents et professionnels dans une meilleure compr\u00e9hension des <strong data-start=\"1298\" data-end=\"1310\">\u00e9motions<\/strong>, <strong data-start=\"1312\" data-end=\"1330\">apprentissages<\/strong> et <strong data-start=\"1334\" data-end=\"1356\">relations humaines<\/strong>.<\/p><p data-start=\"1359\" data-end=\"1568\">\ud83d\udc9e En tant que <strong data-start=\"1374\" data-end=\"1392\">sexoth\u00e9rapeute<\/strong> et <strong data-start=\"1396\" data-end=\"1433\">th\u00e9rapeute conjugale et familiale<\/strong>, j\u2019accueille chacun avec respect et confidentialit\u00e9. Tous les sujets peuvent \u00eatre abord\u00e9s, <strong data-start=\"1525\" data-end=\"1542\">sans jugement<\/strong>, dans un espace s\u00e9curis\u00e9.<\/p><p data-start=\"1570\" data-end=\"1792\">\ud83e\udde9 Sp\u00e9cialis\u00e9e en <strong data-start=\"1588\" data-end=\"1603\">neuroatypie<\/strong>, je suis <strong data-start=\"1613\" data-end=\"1660\">conseill\u00e8re en \u00e9ducation sp\u00e9cialis\u00e9e au TND<\/strong> et <strong data-start=\"1664\" data-end=\"1687\">accompagnatrice TSA<\/strong>. Ce domaine est au c\u0153ur de ma pratique, avec une vision profond\u00e9ment <strong data-start=\"1757\" data-end=\"1770\">inclusive<\/strong> et <strong data-start=\"1774\" data-end=\"1791\">personnalis\u00e9e<\/strong>.<\/p><p data-start=\"1794\" data-end=\"2012\">\ud83c\udf93 Titulaire d\u2019un <strong data-start=\"1812\" data-end=\"1837\">Master en psychologie<\/strong>, j\u2019utilise aujourd\u2019hui cette expertise pour enrichir les accompagnements propos\u00e9s par <em data-start=\"1924\" data-end=\"1948\">Passer\u2019ailes \u00c9ducation<\/em>, alliant <strong data-start=\"1958\" data-end=\"1982\">rigueur scientifique<\/strong> et <strong data-start=\"1986\" data-end=\"2011\">bienveillance humaine<\/strong>.<\/p><p data-start=\"2014\" data-end=\"2207\">\ud83d\udcda Je poursuis actuellement une formation en\u00a0<strong data-start=\"2083\" data-end=\"2101\">orthop\u00e9dagogie<\/strong>, afin d\u2019approfondir l\u2019accompagnement des <strong data-start=\"2143\" data-end=\"2171\">troubles d\u2019apprentissage<\/strong> et des <strong data-start=\"2179\" data-end=\"2206\">profils neurodivergents<\/strong>.\u00a0<\/p><p data-start=\"2014\" data-end=\"2207\">\u00ab\u00a0tant qu&rsquo;il y aura un besoin d&rsquo;accompagnement, je poursuivrai mes \u00e9tudes pour enrichir mes comp\u00e9tences et offrir le meilleur accompagnement possible.\u00a0\u00bb<\/p><p data-start=\"2209\" data-end=\"2501\">\ud83d\udc69\u200d\u2695\ufe0f Au sein de <em data-start=\"2226\" data-end=\"2250\">Passer\u2019ailes \u00c9ducation<\/em>, j&rsquo;assure personnellement tous les accompagnements li\u00e9s \u00e0 la <strong data-start=\"2312\" data-end=\"2327\">psychologie<\/strong> et aux <strong data-start=\"2335\" data-end=\"2362\">troubles neuroatypiques<\/strong>.<br data-start=\"2363\" data-end=\"2366\" \/>\ud83d\udd17 Toutes les autres formations viennent enrichir cette base pour proposer une prise en charge <strong data-start=\"2461\" data-end=\"2472\">globale<\/strong>, <strong data-start=\"2474\" data-end=\"2485\">adapt\u00e9e<\/strong> et <strong data-start=\"2489\" data-end=\"2500\">\u00e9thique<\/strong>.<\/p>\t\t\t\t\t\t\t\t<\/div>\n\t\t\t\t<section class=\"elementor-section elementor-inner-section elementor-element elementor-element-2acc4f3 elementor-section-boxed elementor-section-height-default elementor-section-height-default\" data-id=\"2acc4f3\" data-element_type=\"section\">\n\t\t\t\t\t\t<div class=\"elementor-container elementor-column-gap-extended\">\n\t\t\t\t\t<div class=\"elementor-column elementor-col-50 elementor-inner-column elementor-element elementor-element-1bbb5e5\" data-id=\"1bbb5e5\" data-element_type=\"column\">\n\t\t\t<div class=\"elementor-widget-wrap elementor-element-populated\">\n\t\t\t\t\t\t<div class=\"elementor-element elementor-element-d9cb01d elementor-align-right elementor-mobile-align-center elementor-invisible elementor-widget elementor-widget-button\" data-id=\"d9cb01d\" data-element_type=\"widget\" data-settings=\"{&quot;_animation&quot;:&quot;fadeInUp&quot;,&quot;_animation_delay&quot;:600}\" data-widget_type=\"button.default\">\n\t\t\t\t\t\t\t\t\t\t<a class=\"elementor-button elementor-button-link elementor-size-lg\" href=\"https:\/\/passerailes-education.com\/index.php\/les-missions-du-centre\/\">\n\t\t\t\t\t\t<span class=\"elementor-button-content-wrapper\">\n\t\t\t\t\t\t\t\t\t<span class=\"elementor-button-text\">Nos missions<\/span>\n\t\t\t\t\t<\/span>\n\t\t\t\t\t<\/a>\n\t\t\t\t\t\t\t\t<\/div>\n\t\t\t\t\t<\/div>\n\t\t<\/div>\n\t\t\t\t<div class=\"elementor-column elementor-col-50 elementor-inner-column elementor-element elementor-element-8844e89\" data-id=\"8844e89\" data-element_type=\"column\">\n\t\t\t<div class=\"elementor-widget-wrap elementor-element-populated\">\n\t\t\t\t\t\t<div class=\"elementor-element elementor-element-1d132a9 elementor-align-left elementor-mobile-align-center elementor-invisible elementor-widget elementor-widget-button\" data-id=\"1d132a9\" data-element_type=\"widget\" data-settings=\"{&quot;_animation&quot;:&quot;fadeInUp&quot;,&quot;_animation_delay&quot;:800}\" data-widget_type=\"button.default\">\n\t\t\t\t\t\t\t\t\t\t<a class=\"elementor-button elementor-button-link elementor-size-lg\" href=\"http:\/\/contact\">\n\t\t\t\t\t\t<span class=\"elementor-button-content-wrapper\">\n\t\t\t\t\t\t\t\t\t<span class=\"elementor-button-text\">contact<\/span>\n\t\t\t\t\t<\/span>\n\t\t\t\t\t<\/a>\n\t\t\t\t\t\t\t\t<\/div>\n\t\t\t\t\t<\/div>\n\t\t<\/div>\n\t\t\t\t\t<\/div>\n\t\t<\/section>\n\t\t\t\t\t<\/div>\n\t\t<\/div>\n\t\t\t\t\t<\/div>\n\t\t<\/section>\n\t\t\t\t\t<\/div>\n\t\t<\/div>\n\t\t\t\t\t<\/div>\n\t\t<\/section>\n\t\t\t\t<\/div>\n\t\t","protected":false},"excerpt":{"rendered":"<p>Prisca Mangala, fondatrice du centre passer&rsquo;ailes \u00e9ducation Maman de 8 enfants, mon parcours s\u2019est construit au fil des ann\u00e9es, guid\u00e9 parune passion profonde pour l\u2019humain et ses diff\u00e9rences, l\u2019\u00e9ducation et la diversit\u00e9des fonctionnements cognitifs et \u00e9motionnels, et l\u2019\u00e9panouissement au sein des familles. Toujours \u00e0 la recherche de connaissance j\u2019enchaine \u00e9tude sur \u00e9tude depuis plusde 15&#8230;<\/p>\n","protected":false},"author":1,"featured_media":0,"parent":0,"menu_order":0,"comment_status":"closed","ping_status":"closed","template":"","meta":{"_kad_post_transparent":"","_kad_post_title":"hide","_kad_post_layout":"fullwidth","_kad_post_sidebar_id":"","_kad_post_content_style":"unboxed","_kad_post_vertical_padding":"hide","_kad_post_feature":"hide","_kad_post_feature_position":"","_kad_post_header":false,"_kad_post_footer":false,"footnotes":""},"class_list":["post-27","page","type-page","status-publish","hentry"],"_links":{"self":[{"href":"https:\/\/passerailes-education.com\/index.php\/wp-json\/wp\/v2\/pages\/27","targetHints":{"allow":["GET"]}}],"collection":[{"href":"https:\/\/passerailes-education.com\/index.php\/wp-json\/wp\/v2\/pages"}],"about":[{"href":"https:\/\/passerailes-education.com\/index.php\/wp-json\/wp\/v2\/types\/page"}],"author":[{"embeddable":true,"href":"https:\/\/passerailes-education.com\/index.php\/wp-json\/wp\/v2\/users\/1"}],"replies":[{"embeddable":true,"href":"https:\/\/passerailes-education.com\/index.php\/wp-json\/wp\/v2\/comments?post=27"}],"version-history":[{"count":13,"href":"https:\/\/passerailes-education.com\/index.php\/wp-json\/wp\/v2\/pages\/27\/revisions"}],"predecessor-version":[{"id":330,"href":"https:\/\/passerailes-education.com\/index.php\/wp-json\/wp\/v2\/pages\/27\/revisions\/330"}],"wp:attachment":[{"href":"https:\/\/passerailes-education.com\/index.php\/wp-json\/wp\/v2\/media?parent=27"}],"curies":[{"name":"wp","href":"https:\/\/api.w.org\/{rel}","templated":true}]}}